{"id":845,"date":"2021-01-09T20:23:29","date_gmt":"2021-01-09T20:23:29","guid":{"rendered":"https:\/\/sleepingbaby.ch\/WordPress\/?page_id=845"},"modified":"2023-09-27T08:03:03","modified_gmt":"2023-09-27T08:03:03","slug":"bestellung-sleepingbaby-inklusive-tuerreck","status":"publish","type":"page","link":"https:\/\/sleepingbaby.ch\/WordPress\/bestellung-sleepingbaby-inklusive-tuerreck","title":{"rendered":"Bestellung sleepingbaby inklusive T\u00fcrreck"},"content":{"rendered":"\n<p><strong>Produkt<\/strong><br>sleepingbaby Babyschaukel mit Spezial-Stahlfeder, integriertem \u00dcberdehnungsschutz und Sicherungsseil, inklusive T\u00fcrreck<\/p>\n\n\n<p style=\"text-align: left;\">Als Kunde gehen Sie bei uns kein Risiko ein und profitieren von einem erstklassigen Service auch nach dem Kauf!<\/p>\n\n\n<ul class=\"wp-block-list\">\n<li><strong>Verschiedene, sichere Bezahlungsm\u00f6glichkeiten:<\/strong> <br>&#8211; <em><strong>Kreditkarte<\/strong><\/em> (bitte unten auf die Kreditkartenlogos klicken)<br>&#8211; <em><strong>Vorauszahlung<\/strong><\/em> auf unser schweizer Bankkonto: <a href=\"http:\/\/sleepingbaby.ch\/WordPress\/?page_id=56\" data-type=\"URL\" data-id=\"http:\/\/sleepingbaby.ch\/WordPress\/?page_id=56\">bitte hier klicken<\/a><br>&#8211; Per <em><strong>TWINT<\/strong><\/em> (w\u00e4hlen Sie in der TWINT-App &#8222;Senden &amp; Anfordern&#8220; und dann &#8222;Geld senden&#8220; an Handy-Nummer: 076 541 81 02, zu Gunsten &#8222;Florian Berger&#8220;, bitte geben Sie Ihre Adresse im Nachrichtenfeld an)<\/li>\n\n\n\n<li><strong>Versand mit Schweizer Post<\/strong><\/li>\n\n\n\n<li><strong>Preis nur CHF 97.80 <\/strong><em>+ CHF 9.- Versandkosten<\/em><\/li>\n<\/ul>\n\n\n<p><strong>F\u00fcr Kreditkartenzahlung bitte hier klicken:<\/strong><\/p>\n\n\n<div class=\"wp-block-columns is-layout-flex wp-container-core-columns-is-layout-9d6595d7 wp-block-columns-is-layout-flex\">\n<div class=\"wp-block-column is-layout-flow wp-block-column-is-layout-flow\" style=\"flex-basis:66.66%\"><div class=\"wp_cart_button_wrapper\"><form method=\"post\" class=\"wp-cart-button-form\" action=\"\" style=\"display:inline\" onsubmit=\"return ReadForm(this, true);\" ><input type=\"hidden\" id=\"_wpnonce\" name=\"_wpnonce\" value=\"007747c80e\" \/><input type=\"hidden\" name=\"_wp_http_referer\" value=\"\/WordPress\/wp-json\/wp\/v2\/pages\/845\" \/><input type=\"image\" src=\"https:\/\/sleepingbaby.ch\/WordPress\/wp-content\/uploads\/2021\/01\/Screenshot-2021-01-03-103257.jpg\" class=\"wp_cart_button\" alt=\"Zum Warenkorb hinzuf\u00fcgen\"\/><input type=\"hidden\" name=\"wspsc_product\" value=\"sleepingbaby Babyschaukel inkl. Tuerreck und Versand\" \/><input type=\"hidden\" name=\"price\" value=\"106.80\" \/><input type=\"hidden\" name=\"shipping\" value=\"0\" \/><input type=\"hidden\" name=\"addcart\" value=\"1\" \/><input type=\"hidden\" name=\"cartLink\" value=\"https:\/\/sleepingbaby.ch\/WordPress\/wp-json\/wp\/v2\/pages\/845\" \/><input type=\"hidden\" name=\"product_tmp\" value=\"sleepingbaby Babyschaukel inkl. Tuerreck und Versand\" \/><input type=\"hidden\" name=\"product_tmp_two\" value=\"sleepingbaby Babyschaukel inkl. Tuerreck und Versand\" \/><input type=\"hidden\" name=\"item_number\" value=\"\" \/><input type=\"hidden\" name=\"hash_one\" value=\"38bd1ca45de0f90d9bb14652de074146\" \/><input type=\"hidden\" name=\"hash_two\" value=\"c4b7484ae124ac988db30df915ba47de\" \/><\/form><\/div>\n<\/div>\n\n\n\n<div class=\"wp-block-column is-layout-flow wp-block-column-is-layout-flow\" style=\"flex-basis:33.33%\">\n<figure class=\"wp-block-image size-large is-resized\"><a href=\"https:\/\/sleepingbaby.ch\/WordPress\/wp-content\/uploads\/2020\/11\/P1030553-scaled.jpg\"><img decoding=\"async\" src=\"https:\/\/sleepingbaby.ch\/WordPress\/wp-content\/uploads\/2020\/11\/P1030553-768x1024.jpg\" alt=\"sleepingbaby mit T\u00fcrreck\" class=\"wp-image-634\" style=\"width:192px;height:256px\" width=\"192\" height=\"256\" srcset=\"https:\/\/sleepingbaby.ch\/WordPress\/wp-content\/uploads\/2020\/11\/P1030553-768x1024.jpg 768w, https:\/\/sleepingbaby.ch\/WordPress\/wp-content\/uploads\/2020\/11\/P1030553-225x300.jpg 225w, https:\/\/sleepingbaby.ch\/WordPress\/wp-content\/uploads\/2020\/11\/P1030553-1152x1536.jpg 1152w, https:\/\/sleepingbaby.ch\/WordPress\/wp-content\/uploads\/2020\/11\/P1030553-1536x2048.jpg 1536w, https:\/\/sleepingbaby.ch\/WordPress\/wp-content\/uploads\/2020\/11\/P1030553-624x832.jpg 624w, https:\/\/sleepingbaby.ch\/WordPress\/wp-content\/uploads\/2020\/11\/P1030553-scaled.jpg 1920w\" sizes=\"(max-width: 192px) 100vw, 192px\" \/><\/a><figcaption class=\"wp-element-caption\">sleepingbaby funktioniert mit allen handels\u00fcblichen Autobabysitzen<\/figcaption><\/figure>\n<\/div>\n<\/div>\n\n\n<p>Alle Kreditkarten- und Debitkartenzahlungen werden sicher und zuverl\u00e4ssig \u00fcber Paypal abgewickelt.<\/p>","protected":false},"excerpt":{"rendered":"<p>Produktsleepingbaby Babyschaukel mit Spezial-Stahlfeder, integriertem \u00dcberdehnungsschutz und Sicherungsseil, inklusive T\u00fcrreck Als Kunde gehen Sie bei uns kein Risiko ein und profitieren von einem erstklassigen Service auch nach dem Kauf! F\u00fcr Kreditkartenzahlung bitte hier klicken: Alle Kreditkarten- und Debitkartenzahlungen werden sicher und zuverl\u00e4ssig \u00fcber Paypal abgewickelt.<\/p>\n","protected":false},"author":1,"featured_media":0,"parent":0,"menu_order":0,"comment_status":"closed","ping_status":"closed","template":"","meta":{"footnotes":""},"class_list":["post-845","page","type-page","status-publish","hentry"],"_links":{"self":[{"href":"https:\/\/sleepingbaby.ch\/WordPress\/wp-json\/wp\/v2\/pages\/845","targetHints":{"allow":["GET"]}}],"collection":[{"href":"https:\/\/sleepingbaby.ch\/WordPress\/wp-json\/wp\/v2\/pages"}],"about":[{"href":"https:\/\/sleepingbaby.ch\/WordPress\/wp-json\/wp\/v2\/types\/page"}],"author":[{"embeddable":true,"href":"https:\/\/sleepingbaby.ch\/WordPress\/wp-json\/wp\/v2\/users\/1"}],"replies":[{"embeddable":true,"href":"https:\/\/sleepingbaby.ch\/WordPress\/wp-json\/wp\/v2\/comments?post=845"}],"version-history":[{"count":17,"href":"https:\/\/sleepingbaby.ch\/WordPress\/wp-json\/wp\/v2\/pages\/845\/revisions"}],"predecessor-version":[{"id":1114,"href":"https:\/\/sleepingbaby.ch\/WordPress\/wp-json\/wp\/v2\/pages\/845\/revisions\/1114"}],"wp:attachment":[{"href":"https:\/\/sleepingbaby.ch\/WordPress\/wp-json\/wp\/v2\/media?parent=845"}],"curies":[{"name":"wp","href":"https:\/\/api.w.org\/{rel}","templated":true}]}}