{"id":56,"date":"2013-07-17T13:06:52","date_gmt":"2013-07-17T13:06:52","guid":{"rendered":"http:\/\/sleepingbaby.ch\/WordPress\/?page_id=56"},"modified":"2013-07-17T13:06:52","modified_gmt":"2013-07-17T13:06:52","slug":"vorauszahlung","status":"publish","type":"page","link":"https:\/\/sleepingbaby.ch\/WordPress\/vorauszahlung","title":{"rendered":"Vorauszahlung"},"content":{"rendered":"<p>Sie bevorzugen die Vorauszahlung auf unser schweizer Bankkonto? F\u00fcr die Bestellung f\u00fcllen Sie bitte untenstehende Felder aus und schliessen Sie mit dem Knopf &#8222;Bestellen&#8220; ab:<\/p>\n\n<div class=\"wpcf7 no-js\" id=\"wpcf7-f88-o1\" lang=\"en-US\" dir=\"ltr\" data-wpcf7-id=\"88\">\n<div class=\"screen-reader-response\"><p role=\"status\" aria-live=\"polite\" aria-atomic=\"true\"><\/p> <ul><\/ul><\/div>\n<form action=\"\/WordPress\/wp-json\/wp\/v2\/pages\/56#wpcf7-f88-o1\" method=\"post\" class=\"wpcf7-form init\" aria-label=\"Contact form\" novalidate=\"novalidate\" data-status=\"init\">\n<fieldset class=\"hidden-fields-container\"><input type=\"hidden\" name=\"_wpcf7\" value=\"88\" \/><input type=\"hidden\" name=\"_wpcf7_version\" value=\"6.1.5\" \/><input type=\"hidden\" name=\"_wpcf7_locale\" value=\"en_US\" \/><input type=\"hidden\" name=\"_wpcf7_unit_tag\" value=\"wpcf7-f88-o1\" \/><input type=\"hidden\" name=\"_wpcf7_container_post\" value=\"0\" \/><input type=\"hidden\" name=\"_wpcf7_posted_data_hash\" value=\"\" \/><input type=\"hidden\" name=\"_wpcf7_recaptcha_response\" value=\"\" \/>\n<\/fieldset>\n<p>Name\n<\/p>\n<p><span class=\"wpcf7-form-control-wrap\" data-name=\"your-name\"><input size=\"40\" maxlength=\"400\" class=\"wpcf7-form-control wpcf7-text wpcf7-validates-as-required\" aria-required=\"true\" aria-invalid=\"false\" value=\"\" type=\"text\" name=\"your-name\" \/><\/span>\n<\/p>\n<p>Vorname\n<\/p>\n<p><span class=\"wpcf7-form-control-wrap\" data-name=\"Vorname\"><input size=\"40\" maxlength=\"400\" class=\"wpcf7-form-control wpcf7-text wpcf7-validates-as-required\" aria-required=\"true\" aria-invalid=\"false\" value=\"\" type=\"text\" name=\"Vorname\" \/><\/span>\n<\/p>\n<p>Strasse und Hausnummer\n<\/p>\n<p><span class=\"wpcf7-form-control-wrap\" data-name=\"Strasse\"><input size=\"40\" maxlength=\"400\" class=\"wpcf7-form-control wpcf7-text wpcf7-validates-as-required\" aria-required=\"true\" aria-invalid=\"false\" value=\"\" type=\"text\" name=\"Strasse\" \/><\/span>\n<\/p>\n<p>Postleitzahl\n<\/p>\n<p><span class=\"wpcf7-form-control-wrap\" data-name=\"Postleitzahl\"><input size=\"40\" maxlength=\"400\" class=\"wpcf7-form-control wpcf7-text wpcf7-validates-as-required\" aria-required=\"true\" aria-invalid=\"false\" value=\"\" type=\"text\" name=\"Postleitzahl\" \/><\/span>\n<\/p>\n<p>Ort\n<\/p>\n<p><span class=\"wpcf7-form-control-wrap\" data-name=\"Ort\"><input size=\"40\" maxlength=\"400\" class=\"wpcf7-form-control wpcf7-text wpcf7-validates-as-required\" aria-required=\"true\" aria-invalid=\"false\" value=\"\" type=\"text\" name=\"Ort\" \/><\/span>\n<\/p>\n<p>Land\n<\/p>\n<p><span class=\"wpcf7-form-control-wrap\" data-name=\"Land\"><input size=\"40\" maxlength=\"400\" class=\"wpcf7-form-control wpcf7-text wpcf7-validates-as-required\" aria-required=\"true\" aria-invalid=\"false\" value=\"\" type=\"text\" name=\"Land\" \/><\/span>\n<\/p>\n<p>eMail\n<\/p>\n<p><span class=\"wpcf7-form-control-wrap\" data-name=\"your-email\"><input size=\"40\" maxlength=\"400\" class=\"wpcf7-form-control wpcf7-email wpcf7-validates-as-required wpcf7-text wpcf7-validates-as-email\" aria-required=\"true\" aria-invalid=\"false\" value=\"\" type=\"email\" name=\"your-email\" \/><\/span>\n<\/p>\n<p>Telefon-Nummer\n<\/p>\n<p><span class=\"wpcf7-form-control-wrap\" data-name=\"Telefon-Nummer\"><input size=\"40\" maxlength=\"400\" class=\"wpcf7-form-control wpcf7-tel wpcf7-validates-as-required wpcf7-text wpcf7-validates-as-tel\" aria-required=\"true\" aria-invalid=\"false\" value=\"\" type=\"tel\" name=\"Telefon-Nummer\" \/><\/span>\n<\/p>\n<p>Weitere Mitteilungen (optional)\n<\/p>\n<p><span class=\"wpcf7-form-control-wrap\" data-name=\"WeitereMitteilungenoptional\"><input size=\"40\" maxlength=\"400\" class=\"wpcf7-form-control wpcf7-text\" aria-invalid=\"false\" value=\"\" type=\"text\" name=\"WeitereMitteilungenoptional\" \/><\/span>\n<\/p>\n<p>Modellvariante (bitte ausw\u00e4hlen)\n<\/p>\n<p><span class=\"wpcf7-form-control-wrap\" data-name=\"checkbox-321\"><span class=\"wpcf7-form-control wpcf7-checkbox wpcf7-validates-as-required wpcf7-exclusive-checkbox\"><span class=\"wpcf7-list-item first\"><label><input type=\"checkbox\" name=\"checkbox-321\" value=\"mit Deckenhaken (CHF 75.70 inkl. Versand)\" \/><span class=\"wpcf7-list-item-label\">mit Deckenhaken (CHF 75.70 inkl. Versand)<\/span><\/label><\/span><span class=\"wpcf7-list-item last\"><label><input type=\"checkbox\" name=\"checkbox-321\" value=\"mit T\u00fcrreck (CHF 106.80 inkl. Versand)\" \/><span class=\"wpcf7-list-item-label\">mit T\u00fcrreck (CHF 106.80 inkl. Versand)<\/span><\/label><\/span><\/span><\/span>\n<\/p>\n<p>Seilfarbe (bitte ausw\u00e4hlen)\n<\/p>\n<p><span class=\"wpcf7-form-control-wrap\" data-name=\"Seilfarbe\"><select class=\"wpcf7-form-control wpcf7-select wpcf7-validates-as-required\" aria-required=\"true\" aria-invalid=\"false\" name=\"Seilfarbe\"><option value=\"Schwarz\">Schwarz<\/option><option value=\"Weiss\">Weiss<\/option><option value=\"Blau mit roten Punkten\">Blau mit roten Punkten<\/option><\/select><\/span>\n<\/p>\n<p><span class=\"wpcf7-form-control-wrap\" data-name=\"AGB\"><span class=\"wpcf7-form-control wpcf7-checkbox wpcf7-validates-as-required\"><span class=\"wpcf7-list-item first last\"><input type=\"checkbox\" name=\"AGB[]\" value=\"\" \/><span class=\"wpcf7-list-item-label\"><\/span><\/span><\/span><\/span><a href=\"http:\/\/sleepingbaby.ch\/WordPress\/?page_id=16\">AGB akzeptieren<\/a>\n<\/p>\n<p>Als kleines Unternehmen mit wenig Werbebudget w\u00e4ren wir Ihnen sehr dankbar, wenn Sie uns angeben, wie Sie auf unser Produkt gestossen sind. Diese Angabe ist nat\u00fcrlich freiwillig. Vielen Dank f\u00fcr Ihre Hilfe.\n<\/p>\n<p><span class=\"wpcf7-form-control-wrap\" data-name=\"Wiegefunden\"><select class=\"wpcf7-form-control wpcf7-select\" aria-invalid=\"false\" name=\"Wiegefunden\"><option value=\"\">&#8212;Please choose an option&#8212;<\/option><option value=\"Google\">Google<\/option><option value=\"Werbung im Internet\">Werbung im Internet<\/option><option value=\"Weiterempfehlung\">Weiterempfehlung<\/option><option value=\"Sonstiges\">Sonstiges<\/option><\/select><\/span>\n<\/p>\n<p><input class=\"wpcf7-form-control wpcf7-submit has-spinner\" type=\"submit\" value=\"Bestellen\" \/>\n<\/p><div class=\"wpcf7-response-output\" aria-hidden=\"true\"><\/div>\n<\/form>\n<\/div>\n\n<p>&nbsp;<\/p>\n<p>&nbsp;<\/p>\n<p>&nbsp;<\/p>\n","protected":false},"excerpt":{"rendered":"<p>Sie bevorzugen die Vorauszahlung auf unser schweizer Bankkonto? F\u00fcr die Bestellung f\u00fcllen Sie bitte untenstehende Felder aus und schliessen Sie mit dem Knopf &#8222;Bestellen&#8220; ab: &nbsp; &nbsp; &nbsp;<\/p>\n","protected":false},"author":1,"featured_media":0,"parent":0,"menu_order":0,"comment_status":"closed","ping_status":"closed","template":"","meta":{"footnotes":""},"class_list":["post-56","page","type-page","status-publish","hentry"],"_links":{"self":[{"href":"https:\/\/sleepingbaby.ch\/WordPress\/wp-json\/wp\/v2\/pages\/56","targetHints":{"allow":["GET"]}}],"collection":[{"href":"https:\/\/sleepingbaby.ch\/WordPress\/wp-json\/wp\/v2\/pages"}],"about":[{"href":"https:\/\/sleepingbaby.ch\/WordPress\/wp-json\/wp\/v2\/types\/page"}],"author":[{"embeddable":true,"href":"https:\/\/sleepingbaby.ch\/WordPress\/wp-json\/wp\/v2\/users\/1"}],"replies":[{"embeddable":true,"href":"https:\/\/sleepingbaby.ch\/WordPress\/wp-json\/wp\/v2\/comments?post=56"}],"version-history":[{"count":6,"href":"https:\/\/sleepingbaby.ch\/WordPress\/wp-json\/wp\/v2\/pages\/56\/revisions"}],"predecessor-version":[{"id":937,"href":"https:\/\/sleepingbaby.ch\/WordPress\/wp-json\/wp\/v2\/pages\/56\/revisions\/937"}],"wp:attachment":[{"href":"https:\/\/sleepingbaby.ch\/WordPress\/wp-json\/wp\/v2\/media?parent=56"}],"curies":[{"name":"wp","href":"https:\/\/api.w.org\/{rel}","templated":true}]}}