{"id":542,"date":"2020-11-01T15:37:28","date_gmt":"2020-11-01T15:37:28","guid":{"rendered":"http:\/\/sleepingbaby.ch\/WordPress\/?page_id=542"},"modified":"2022-12-14T13:02:20","modified_gmt":"2022-12-14T13:02:20","slug":"goennen-sie-sich-ruhe-und-entspannung-mit-einem-ruhigen-und-zufriedenen-baby-fuer-nur-38-rappen-pro-tag","status":"publish","type":"page","link":"https:\/\/sleepingbaby.ch\/WordPress\/","title":{"rendered":"G\u00f6nnen Sie sich Ruhe und Entspannung mit einem ruhigen und zufriedenen Baby!"},"content":{"rendered":"\n<p>F\u00fchlen Sie sich manchmal etwas gestresst, ausgelaugt und m\u00fcde aufgrund Ihres quengelnden, schreienden Babys?<\/p>\n\n\n\n<p>Ist Ihnen auch schon aufgefallen wie schnell sich Ihr quengelndes Baby beim Autofahren oder Schaukeln beruhigt und dabei h\u00e4ufig friedlich einschl\u00e4ft? <\/p>\n\n\n<div class=\"wp-block-image\">\n<figure class=\"alignleft size-large is-resized\"><a href=\"https:\/\/sleepingbaby.ch\/WordPress\/wp-content\/uploads\/2011\/07\/Babyschaukel-2.jpg\"><img decoding=\"async\" src=\"https:\/\/sleepingbaby.ch\/WordPress\/wp-content\/uploads\/2011\/07\/Babyschaukel-2-682x1024.jpg\" alt=\"www.sleepingbaby.ch\" class=\"wp-image-258\" width=\"171\" height=\"256\" srcset=\"https:\/\/sleepingbaby.ch\/WordPress\/wp-content\/uploads\/2011\/07\/Babyschaukel-2-682x1024.jpg 682w, https:\/\/sleepingbaby.ch\/WordPress\/wp-content\/uploads\/2011\/07\/Babyschaukel-2-200x300.jpg 200w, https:\/\/sleepingbaby.ch\/WordPress\/wp-content\/uploads\/2011\/07\/Babyschaukel-2-624x936.jpg 624w\" sizes=\"(max-width: 171px) 100vw, 171px\" \/><\/a><figcaption class=\"wp-element-caption\">Babyschaukel mit Stahlfeder-Schaukel-Vorrichtung<\/figcaption><\/figure><\/div>\n\n\n<p class=\"has-text-align-left\"><strong>Freuen Sie sich auf die hervorragende Beruhigungswirkung <strong>unserer Babyschaukel f\u00fcr den Maxi-Cosi<\/strong>. <\/strong><\/p>\n\n\n\n<p>Ihr Baby wird die <strong>sanften dreidimensionalen Schwingungen der speziell entwickelten Stahlfeder geniessen und sich<\/strong> im Normalfall <strong>sehr schnell beruhigen!<\/strong> <\/p>\n\n\n<div class=\"wp-block-image\">\n<figure class=\"alignright size-large is-resized\"><a href=\"https:\/\/sleepingbaby.ch\/WordPress\/wp-content\/uploads\/2018\/11\/Baby-im-Auto-schlafend.jpg\"><img decoding=\"async\" src=\"https:\/\/sleepingbaby.ch\/WordPress\/wp-content\/uploads\/2018\/11\/Baby-im-Auto-schlafend.jpg\" alt=\"\" class=\"wp-image-545\" width=\"185\" height=\"120\"\/><\/a><\/figure><\/div>\n\n\n<p><strong>Freuen Sie sich auf die hervorragende Beruhigungswirkung unserer Babyschaukel f\u00fcr den Maxi-Cosi.<\/strong> <strong>Hergestellt in der Schweiz!<\/strong> F\u00fcr <strong>nur 38 Rappen am Tag<\/strong> (gerechnet bei t\u00e4glicher, 6-monatiger Nutzung mit einem Baby)<\/p>\n\n\n\n<p class=\"has-text-align-center\"><a href=\"#AlleVorteile\" data-type=\"internal\" data-id=\"#AlleVorteile\"><strong>Alle Vorteile auf einen Blick finden Sie hier!<\/strong><\/a><\/p>\n\n\n<div class=\"wp-block-image\">\n<figure class=\"aligncenter size-large is-resized\"><img decoding=\"async\" src=\"https:\/\/sleepingbaby.ch\/WordPress\/wp-content\/uploads\/2017\/12\/Baby-und-Eltern-sind-gl\u00fccklich-Vers-Paint.png\" alt=\"\" class=\"wp-image-511\" width=\"580\" height=\"204\" srcset=\"https:\/\/sleepingbaby.ch\/WordPress\/wp-content\/uploads\/2017\/12\/Baby-und-Eltern-sind-gl\u00fccklich-Vers-Paint.png 945w, https:\/\/sleepingbaby.ch\/WordPress\/wp-content\/uploads\/2017\/12\/Baby-und-Eltern-sind-gl\u00fccklich-Vers-Paint-300x106.png 300w, https:\/\/sleepingbaby.ch\/WordPress\/wp-content\/uploads\/2017\/12\/Baby-und-Eltern-sind-gl\u00fccklich-Vers-Paint-768x271.png 768w, https:\/\/sleepingbaby.ch\/WordPress\/wp-content\/uploads\/2017\/12\/Baby-und-Eltern-sind-gl\u00fccklich-Vers-Paint-624x220.png 624w\" sizes=\"(max-width: 580px) 100vw, 580px\" \/><\/figure><\/div>\n\n\n<p>Ideal um <strong>Zwischendurch eine wohlverdiente Pause zu geniessen<\/strong> oder  einfach nur <strong>mal ungest\u00f6rt zu essen, zu duschen, den Supermarkt-Einkauf  zu verr\u00e4umen usw.<\/strong> und wieder viel Energie und Kraft zu tanken um  gl\u00fcckliche Stunden mit Ihrem Baby zu verbringen! <\/p>\n\n\n\n<figure class=\"wp-block-embed is-type-video is-provider-youtube wp-block-embed-youtube wp-embed-aspect-4-3 wp-has-aspect-ratio\"><div class=\"wp-block-embed__wrapper\">\n<iframe title=\"Schreibabys sanft und einfach beruhigen - mit Erfolgsgarantie\" width=\"625\" height=\"469\" src=\"https:\/\/www.youtube.com\/embed\/FAQms1NYPvk?start=1&#038;feature=oembed\" frameborder=\"0\" allow=\"accelerometer; autoplay; clipboard-write; encrypted-media; gyroscope; picture-in-picture; web-share\" referrerpolicy=\"strict-origin-when-cross-origin\" allowfullscreen><\/iframe>\n<\/div><\/figure>\n\n\n\n<div class=\"wp-block-buttons is-content-justification-center is-layout-flex wp-container-core-buttons-is-layout-16018d1d wp-block-buttons-is-layout-flex\">\n<div class=\"wp-block-button is-style-outline is-style-outline--1\"><a class=\"wp-block-button__link has-black-color has-white-background-color has-text-color has-background wp-element-button\" href=\"https:\/\/sleepingbaby.ch\/WordPress\/videos-zu-sleepingbaby\" style=\"border-radius:11px\" rel=\"https:\/\/sleepingbaby.ch\/WordPress\/videos-zu-sleepingbaby\">Mehr Videos<\/a><\/div>\n\n\n\n<div class=\"wp-block-button is-style-outline is-style-outline--2\"><a class=\"wp-block-button__link has-black-color has-white-background-color has-text-color has-background wp-element-button\" href=\"https:\/\/sleepingbaby.ch\/WordPress\/fotos\" style=\"border-radius:11px\" rel=\"https:\/\/sleepingbaby.ch\/WordPress\/videos-zu-sleepingbaby\">Mehr Bilder<\/a><\/div>\n\n\n\n<div class=\"wp-block-button is-style-outline is-style-outline--3\"><a class=\"wp-block-button__link has-black-color has-white-background-color has-text-color has-background wp-element-button\" href=\"https:\/\/sleepingbaby.ch\/WordPress\/haufig-gestellte-fragen-faq\" style=\"border-radius:11px\" rel=\"https:\/\/sleepingbaby.ch\/WordPress\/videos-zu-sleepingbaby\">Fragen?<\/a><\/div>\n\n\n\n<div class=\"wp-block-button is-style-outline is-style-outline--4\"><a class=\"wp-block-button__link has-black-color has-white-background-color has-text-color has-background wp-element-button\" href=\"https:\/\/sleepingbaby.ch\/WordPress\/kauf-mit-kreditkarte\" style=\"border-radius:11px\" rel=\"https:\/\/sleepingbaby.ch\/WordPress\/videos-zu-sleepingbaby\"><strong>Kaufen<\/strong><\/a><\/div>\n<\/div>\n\n\n\n<div style=\"height:21px\" aria-hidden=\"true\" class=\"wp-block-spacer\"><\/div>\n\n\n<p>Bei einer <strong>durchschnittlichen t\u00e4glichen Nutzung w\u00e4hrend den ersten 6 Lebensmonaten kostet die sleepingbaby Einschlafhilfe gerade mal 38 Rappen pro Tag!<\/strong> Bei einem zweiten Baby oder l\u00e4ngerer Nutzungsdauer (bis 12 Monate passt Ihr Baby normalerweise in den Maxi-Cosi) verringern sich die Kosten nat\u00fcrlich entsprechend ;-))<\/p>\n\n<div class=\"wp-block-image\">\n<figure class=\"alignleft size-medium is-resized\"><a href=\"https:\/\/sleepingbaby.ch\/WordPress\/wp-content\/uploads\/2014\/06\/Babyschaukel-2-reduzierte-Gr\u00f6sse.jpg\"><img decoding=\"async\" src=\"https:\/\/sleepingbaby.ch\/WordPress\/wp-content\/uploads\/2014\/06\/Babyschaukel-2-reduzierte-Gr\u00f6sse-200x300.jpg\" alt=\"\" class=\"wp-image-291\" width=\"150\" height=\"225\" srcset=\"https:\/\/sleepingbaby.ch\/WordPress\/wp-content\/uploads\/2014\/06\/Babyschaukel-2-reduzierte-Gr\u00f6sse-200x300.jpg 200w, https:\/\/sleepingbaby.ch\/WordPress\/wp-content\/uploads\/2014\/06\/Babyschaukel-2-reduzierte-Gr\u00f6sse-682x1024.jpg 682w, https:\/\/sleepingbaby.ch\/WordPress\/wp-content\/uploads\/2014\/06\/Babyschaukel-2-reduzierte-Gr\u00f6sse-624x936.jpg 624w\" sizes=\"(max-width: 150px) 100vw, 150px\" \/><\/a><\/figure><\/div>\n\n\n<p class=\"has-text-align-left\"><strong>Autobabysitz (z.B. Maxi-Cosi) an unsere Babyschaukel und Einschlafhilfe \u201esleepingbaby\u201c befestigen und ein gl\u00fcckliches Baby geniessen! Nur CHF 68.70 inklusive Befestigungs-Set!<\/strong> Schweizer Qualit\u00e4t direkt vom Hersteller! <br><br><a href=\"https:\/\/sleepingbaby.ch\/WordPress\/kauf-mit-kreditkarte\" data-type=\"page\" data-id=\"357\"><strong>HIER bestellen (100% zufrieden oder Geld zur\u00fcck)<\/strong><\/a><\/p>\n\n\n\n<p>F\u00fcr <strong>sekundenschnelle und einfache Installation in jedem T\u00fcrrahmen<\/strong> bestellen Sie einfach die<strong> <a href=\"https:\/\/sleepingbaby.ch\/WordPress\/bestellung-sleepingbaby-inklusive-tuerreck\" data-type=\"page\" data-id=\"845\">Version mit T\u00fcrreck<\/a> <\/strong>(Aufpreis nur CHF 29.10)<\/p>\n\n\n\n<div class=\"wp-block-group\"><div class=\"wp-block-group__inner-container is-layout-flow wp-block-group-is-layout-flow\">\n<p><strong><a id=\"AlleVorteile\"><\/a><br>Alle Vorteile auf einen Blick<\/strong><\/p>\n<ul>\n<li><strong>unkomplizierte<\/strong> und <strong>sehr wirksame<\/strong> Methode Ihr Baby zu beruhigen, hilft h\u00e4ufig auch bei Babys mit Magen-Darm-Kolliken (auch als \u201cSchrei-Babys\u201d bekannt) oder sonstiger Unruhe (siehe auch <a href=\"https:\/\/sleepingbaby.ch\/WordPress\/kundenfeedbacks\">Kundenfeedbacks<\/a> zu sleepingbaby)<\/li>\n<li><strong>beruhigt fast alle weinenden und quengelnden Babys<\/strong> nat\u00fcrlich, schnell und sehr sanft<\/li>\n<li><strong>mit Erfolgsgarantie <\/strong>(14 Tage unverbindlich testen) &#8211; <strong>9 von 10 Babys lassen sich mit sleepingbaby beruhigen!<\/strong><\/li>\n<li><strong>aktiviert den nat\u00fcrlichen Beruhigungsreflex<\/strong> von Babys<\/li>\n<li>die Feder der sleepingbaby Einschlafhilfe wurde <strong>speziell f\u00fcr diesen Zweck<\/strong> <strong>entwickelt<\/strong> und <strong>schaukelt alle Babys im Maxi-Cosi Alter sanft in den Schlaf <\/strong>(bereits <strong>ab 2.5 kg K\u00f6rpergewicht<\/strong>)<\/li>\n<li>Auch <strong>\u00e4ltere Babys schaukeln gerne<\/strong> mit sleepingbaby, da sie freie Sicht haben und sehen was um sie herum geschieht<\/li>\n<li><strong>einfach und sicher<\/strong> zu installieren. Kein Stromanschluss erforderlich. Keine Batterien. Keine komplizierte Mechanik<\/li>\n<li><strong>preiswerte und effiziente<\/strong> L\u00f6sung insbesondere f\u00fcr Familien, welche sowieso ein Auto und somit einen Maxi Cosi oder ein \u00e4hnliches Produkt eines anderen Herstellers besitzen. Warum sollten Sie ein <a title=\"Vergleich der sleepingbaby Einschlafhilfe mit Baby-H\u00e4ngematten f\u00fcr Babys\" href=\"http:\/\/sleepingbaby.ch\/WordPress\/?page_id=46\">viel teureres H\u00e4ngematten-System<\/a> f\u00fcr Babys kaufen, wenn Sie die gleiche Wirkung nicht mal halb so teuer erzielen k\u00f6nnen?<\/li>\n<li>die sleepingbaby Einschlafhilfe ist <strong>sehr klein<\/strong> und bei Nichtgebrauch <strong>einfach zu versorgen.<\/strong> Dadurch ist sie auch hervorragend geeignet um mit auf Reisen zu nehmen oder auf Besuch bei Bekannten<\/li>\n<li>Ihr Baby\/ Kleinkind (der Maxi-Cosi ist bis zu 13kg Gewicht benutzbar) <strong>liegt in seinem gewohnten Autositz sicher in seinen Gurten<\/strong><\/li>\n<li>f\u00fchrt zu <strong>markanter Stressverminderung <\/strong><strong>bei Babys und Eltern<\/strong><\/li>\n<li>die <a href=\"https:\/\/sleepingbaby.ch\/WordPress\/vergleich-der-sleepingbaby-einschlafhilfe-mit-baby-hangematten-fur-babys\"><strong>clevere Alternative zu Baby-H\u00e4ngematten<\/strong><\/a> wie Dondolo, Babyjoe, K\u00e4ngurooh Baby-Jojo etc.<\/li>\n<li><strong>speziell f\u00fcr diesen Zweck entwickelte und hergestellte Stahlfeder<\/strong> erzeugt eine optimale Schwingungsfrequenz f\u00fcr die Entspannung von Babys<\/li>\n<li>beste Erfahrungen auch bei <strong>klassischen Schreibabys<\/strong> (3-Monats-Koliken)<\/li>\n<li><strong>empfohlen von diversen Kinder\u00e4rzten und Hebammen<\/strong> in der Schweiz und Deutschland<\/li>\n<li>durch den Einsatz des eigenen Auto-Babysites (z.B. Maxi-Cosi) jederzeit <strong>hygienisch und sicher<\/strong><\/li>\n<li><strong>tausendfach bew\u00e4hrtes und erfolgreiches Schweizer Produkt in Top-Qualit\u00e4t<\/strong> und entsprechendem Service direkt durch den Hersteller (2 Jahre Garantie)<\/li>\n<li>Alle Einzelteile sind optimal aufeinander abgestimmt und intensiv getestet um die <strong>gr\u00f6sstm\u00f6gliche Sicherheit<\/strong> f\u00fcr Ihr Kind zu gew\u00e4hrleisten<\/li>\n<li><strong>Sparen Sie sich das stundenlange Herumtragen Ihres Babys in der Wohnung oder das Kinderwagenfahren um den Block<\/strong> und geniessen Sie dank sleepingbaby viele ruhige Stunden mit Ihrem zufriedenen Baby!<\/li>\n<\/ul>\n\n\n\n<div class=\"wp-block-buttons is-layout-flex wp-block-buttons-is-layout-flex\">\n<div class=\"wp-block-button has-custom-width wp-block-button__width-100 has-custom-font-size is-style-fill has-medium-font-size\"><a class=\"wp-block-button__link has-white-color has-blue-background-color has-text-color has-background wp-element-button\" href=\"https:\/\/sleepingbaby.ch\/WordPress\/kauf-mit-kreditkarte\">Direkt hier risikofrei vom Schweizer Hersteller kaufen<\/a><\/div>\n<\/div>\n<\/div><\/div>\n","protected":false},"excerpt":{"rendered":"<p>F\u00fchlen Sie sich manchmal etwas gestresst, ausgelaugt und m\u00fcde aufgrund Ihres quengelnden, schreienden Babys? Ist Ihnen auch schon aufgefallen wie schnell sich Ihr quengelndes Baby beim Autofahren oder Schaukeln beruhigt und dabei h\u00e4ufig friedlich einschl\u00e4ft? Freuen Sie sich auf die hervorragende Beruhigungswirkung unserer Babyschaukel f\u00fcr den Maxi-Cosi. Ihr Baby wird die sanften dreidimensionalen Schwingungen der [&hellip;]<\/p>\n","protected":false},"author":1,"featured_media":0,"parent":0,"menu_order":0,"comment_status":"closed","ping_status":"closed","template":"","meta":{"footnotes":""},"class_list":["post-542","page","type-page","status-publish","hentry"],"_links":{"self":[{"href":"https:\/\/sleepingbaby.ch\/WordPress\/wp-json\/wp\/v2\/pages\/542","targetHints":{"allow":["GET"]}}],"collection":[{"href":"https:\/\/sleepingbaby.ch\/WordPress\/wp-json\/wp\/v2\/pages"}],"about":[{"href":"https:\/\/sleepingbaby.ch\/WordPress\/wp-json\/wp\/v2\/types\/page"}],"author":[{"embeddable":true,"href":"https:\/\/sleepingbaby.ch\/WordPress\/wp-json\/wp\/v2\/users\/1"}],"replies":[{"embeddable":true,"href":"https:\/\/sleepingbaby.ch\/WordPress\/wp-json\/wp\/v2\/comments?post=542"}],"version-history":[{"count":87,"href":"https:\/\/sleepingbaby.ch\/WordPress\/wp-json\/wp\/v2\/pages\/542\/revisions"}],"predecessor-version":[{"id":1098,"href":"https:\/\/sleepingbaby.ch\/WordPress\/wp-json\/wp\/v2\/pages\/542\/revisions\/1098"}],"wp:attachment":[{"href":"https:\/\/sleepingbaby.ch\/WordPress\/wp-json\/wp\/v2\/media?parent=542"}],"curies":[{"name":"wp","href":"https:\/\/api.w.org\/{rel}","templated":true}]}}