{"id":52,"date":"2013-07-17T09:10:29","date_gmt":"2013-07-17T09:10:29","guid":{"rendered":"http:\/\/sleepingbaby.ch\/WordPress\/?page_id=52"},"modified":"2020-09-23T13:37:18","modified_gmt":"2020-09-23T13:37:18","slug":"videos-zu-sleepingbaby","status":"publish","type":"page","link":"https:\/\/sleepingbaby.ch\/WordPress\/videos-zu-sleepingbaby","title":{"rendered":"Videos zu sleepingbaby"},"content":{"rendered":"<p>\u00dcberzeugen und informieren Sie sich in diesen Videos \u00fcber Wirksamkeit der sleepingbaby Einschlafhilfe:<\/p>\n\n\n<figure class=\"wp-block-embed-youtube wp-block-embed is-type-video is-provider-youtube wp-embed-aspect-4-3 wp-has-aspect-ratio\"><div class=\"wp-block-embed__wrapper\">\n<iframe title=\"sleepingbaby Babyschaukel f\u00fcr den Maxi Cosi: Beruhigt fast jedes Baby in k\u00fcrzester Zeit!\" width=\"625\" height=\"469\" src=\"https:\/\/www.youtube.com\/embed\/g5Dmf7Roows?feature=oembed\" frameborder=\"0\" allow=\"accelerometer; autoplay; clipboard-write; encrypted-media; gyroscope; picture-in-picture; web-share\" referrerpolicy=\"strict-origin-when-cross-origin\" allowfullscreen><\/iframe>\n<\/div><\/figure>\n\n\n\n<figure class=\"wp-block-embed-youtube wp-block-embed is-type-video is-provider-youtube wp-embed-aspect-4-3 wp-has-aspect-ratio\"><div class=\"wp-block-embed__wrapper\">\n<iframe title=\"sleepingbaby: Beruhigen Sie Ihr schreiendes Baby! \/ Relax your screaming Baby!\" width=\"625\" height=\"469\" src=\"https:\/\/www.youtube.com\/embed\/q653PwDuplE?feature=oembed\" frameborder=\"0\" allow=\"accelerometer; autoplay; clipboard-write; encrypted-media; gyroscope; picture-in-picture; web-share\" referrerpolicy=\"strict-origin-when-cross-origin\" allowfullscreen><\/iframe>\n<\/div><\/figure>\n\n\n\n<figure class=\"wp-block-embed-youtube wp-block-embed is-type-video is-provider-youtube wp-embed-aspect-4-3 wp-has-aspect-ratio\"><div class=\"wp-block-embed__wrapper\">\n<iframe title=\"sleepingbaby: die clevere Einschlaf- und Beruhigungshilfe f\u00fcr Babys\" width=\"625\" height=\"469\" src=\"https:\/\/www.youtube.com\/embed\/81kPqK_ZcFI?feature=oembed\" frameborder=\"0\" allow=\"accelerometer; autoplay; clipboard-write; encrypted-media; gyroscope; picture-in-picture; web-share\" referrerpolicy=\"strict-origin-when-cross-origin\" allowfullscreen><\/iframe>\n<\/div><\/figure>\n\n\n\n<p><strong>Einfache und sichere Montage des Autobabysitzes (z.B. Maxi-Cosi)<\/strong><\/p>\n\n\n\n<figure class=\"wp-block-embed-youtube wp-block-embed is-type-video is-provider-youtube wp-embed-aspect-4-3 wp-has-aspect-ratio\"><div class=\"wp-block-embed__wrapper\">\n<iframe title=\"Montage Autobabysitz an sleepingbaby\" width=\"625\" height=\"469\" src=\"https:\/\/www.youtube.com\/embed\/Ey3GjRHgMDo?feature=oembed\" frameborder=\"0\" allow=\"accelerometer; autoplay; clipboard-write; encrypted-media; gyroscope; picture-in-picture; web-share\" referrerpolicy=\"strict-origin-when-cross-origin\" allowfullscreen><\/iframe>\n<\/div><\/figure>\n\n\n\n<p>Sie k\u00f6nnen die Videos auch <a rel=\"noreferrer noopener\" href=\"http:\/\/www.youtube.com\/user\/sleepingbaby10\/videos?annotation_id=annotation_987740&amp;feature=iv&amp;src_vid=FAQms1NYPvk\" target=\"_blank\">direkt bei Youtube<\/a> schauen.<\/p>\n","protected":false},"excerpt":{"rendered":"<p>\u00dcberzeugen und informieren Sie sich in diesen Videos \u00fcber Wirksamkeit der sleepingbaby Einschlafhilfe: Einfache und sichere Montage des Autobabysitzes (z.B. Maxi-Cosi) Sie k\u00f6nnen die Videos auch direkt bei Youtube schauen.<\/p>\n","protected":false},"author":1,"featured_media":0,"parent":0,"menu_order":0,"comment_status":"closed","ping_status":"closed","template":"","meta":{"footnotes":""},"class_list":["post-52","page","type-page","status-publish","hentry"],"_links":{"self":[{"href":"https:\/\/sleepingbaby.ch\/WordPress\/wp-json\/wp\/v2\/pages\/52","targetHints":{"allow":["GET"]}}],"collection":[{"href":"https:\/\/sleepingbaby.ch\/WordPress\/wp-json\/wp\/v2\/pages"}],"about":[{"href":"https:\/\/sleepingbaby.ch\/WordPress\/wp-json\/wp\/v2\/types\/page"}],"author":[{"embeddable":true,"href":"https:\/\/sleepingbaby.ch\/WordPress\/wp-json\/wp\/v2\/users\/1"}],"replies":[{"embeddable":true,"href":"https:\/\/sleepingbaby.ch\/WordPress\/wp-json\/wp\/v2\/comments?post=52"}],"version-history":[{"count":6,"href":"https:\/\/sleepingbaby.ch\/WordPress\/wp-json\/wp\/v2\/pages\/52\/revisions"}],"predecessor-version":[{"id":598,"href":"https:\/\/sleepingbaby.ch\/WordPress\/wp-json\/wp\/v2\/pages\/52\/revisions\/598"}],"wp:attachment":[{"href":"https:\/\/sleepingbaby.ch\/WordPress\/wp-json\/wp\/v2\/media?parent=52"}],"curies":[{"name":"wp","href":"https:\/\/api.w.org\/{rel}","templated":true}]}}