{"id":46,"date":"2013-07-16T06:49:17","date_gmt":"2013-07-16T06:49:17","guid":{"rendered":"http:\/\/sleepingbaby.ch\/WordPress\/?page_id=46"},"modified":"2021-01-10T20:55:30","modified_gmt":"2021-01-10T20:55:30","slug":"vergleich-der-sleepingbaby-einschlafhilfe-mit-baby-hangematten-fur-babys","status":"publish","type":"page","link":"https:\/\/sleepingbaby.ch\/WordPress\/vergleich-der-sleepingbaby-einschlafhilfe-mit-baby-hangematten-fur-babys","title":{"rendered":"Vergleich der sleepingbaby Einschlafhilfe mit Baby-H\u00e4ngematten f\u00fcr Babys"},"content":{"rendered":"<ul>\n<li>Deutlich <strong>g\u00fcnstiger<\/strong> als die bekannten, <strong>gefederten<\/strong> Baby-H\u00e4ngematten.<br \/>\n<em>(Preise f\u00fcr Baby-H\u00e4ngematten zwischen CHF 120.- und 200.-)<\/em><\/li>\n<\/ul>\n<ul>\n<li>Die Feder der sleepingbaby Einschlafhilfe und Beruhigungshilfe schaukelt \u00e4usserst <strong>sanft und gleichm\u00e4ssig<\/strong>.<br \/>\n<em><em><em><em><em><em><em>(wir haben diverse Baby-H\u00e4ngematten getestet und waren ziemlich erstaunt, dass gerade bei neugeborenen Babys das Schaukeln nur sehr begrenzt m\u00f6glich war)<\/em><\/em><\/em><\/em><\/em><\/em><\/em><\/li>\n<\/ul>\n<ul>\n<li><strong>Freie Sicht<\/strong> Ihres Babys auf die Umwelt. Es kann jederzeit Blickkontakt zu Ihnen aufnehmen. Gerade auch deshalb schaukeln viele \u00e4ltere Babys gerne mit der sleepingbaby Einschlafhilfe.<em> (in den herk\u00f6mmlichen Baby-H\u00e4ngematten kann Ihr Baby die Umgebung praktisch nicht wahrnehmen, da es von allen <\/em><em><em><em><em><em><em><em>Seiten umschlossen ist; aus diesem Grund wollen viele Babys ab dem Alter von ca. 3-4 Monaten nicht mehr in die H\u00e4ngematte)<\/em><\/em><\/em><\/em><\/em><\/em><\/em><\/li>\n<\/ul>\n<ul>\n<li>Durch den Autobabysitz ist Ihr Baby <strong>rundum sicher gesch\u00fctzt<\/strong>. Ausserdem k\u00f6nnen Sie Ihr Baby mit den Gurten sicher befestigen. So k\u00f6nnen spielende Kinder oder Haustiere, die zuf\u00e4llig an den aufgeh\u00e4ngten Autobabysitz anstossen, Ihr Baby nicht verletzen.<br \/>\n<em>(Gerade \u00e4ltere Geschwister kommen ab und zu auf die Idee im Vorbeigehen der H\u00e4ngematte einen Schubs zu geben. Baby-H\u00e4ngematten sind aber weich und Ihr Baby ist deshalb darin nicht besonders gut gesch\u00fctzt. Auch fehlen bei einigen Baby-H\u00e4ngematten Befestigungsgurte.)<\/em><\/li>\n<\/ul>\n<ul>\n<li>Einfach zu versorgen. Die sleepingbaby Einschlafhilfe und Beruhigungshilfe ist <strong>klein und handlich<\/strong> um sie auf Besuch oder Reisen mitzunehmen.<br \/>\n<em><em><em><em><em><em><em>(die meisten Baby-H\u00e4ngematten sind ziemlich sperrig, da sie zum Aufspannen der H\u00e4ngematte einen Holzstab ben\u00f6tigen)<\/em><\/em><\/em><\/em><\/em><\/em><\/em><\/li>\n<\/ul>\n<ul>\n<li><strong>Probieren Sie die sleepingbaby Einschlafhilfe und Beruhigungshilfe 10 Tage unverbindlich aus<\/strong> um sich von Ihrer Wirkung \u00fcberzeugen zu lassen.<br \/>\n<em><em><em>(Wir sind \u00fcberzeugt von unserem Produkt! Deshalb m\u00f6chten wir Ihnen die M\u00f6glichkeit geben dieses risikolos zu testen, damit auch Sie viele ruhige Stunden f\u00fcr sich gewinnen k\u00f6nnen)<\/em><\/em><\/em><\/li>\n<\/ul>\n<ul>\n<li><a title=\"Kundenfeedbacks\" href=\"http:\/\/sleepingbaby.ch\/WordPress\/?page_id=40\">Was Familien zu sleepingbaby sagen<\/a><\/li>\n<\/ul>\n<p><a title=\"Kaufen\" href=\"https:\/\/sleepingbaby.ch\/WordPress\/kauf-mit-kreditkarte\"><strong>Hier gehts zur Bestellung der sleepingbaby Einschlafhilfe.<\/strong><\/a><\/p>\n","protected":false},"excerpt":{"rendered":"<p>Deutlich g\u00fcnstiger als die bekannten, gefederten Baby-H\u00e4ngematten. (Preise f\u00fcr Baby-H\u00e4ngematten zwischen CHF 120.- und 200.-) Die Feder der sleepingbaby Einschlafhilfe und Beruhigungshilfe schaukelt \u00e4usserst sanft und gleichm\u00e4ssig. (wir haben diverse Baby-H\u00e4ngematten getestet und waren ziemlich erstaunt, dass gerade bei neugeborenen Babys das Schaukeln nur sehr begrenzt m\u00f6glich war) Freie Sicht Ihres Babys auf die Umwelt. [&hellip;]<\/p>\n","protected":false},"author":1,"featured_media":0,"parent":0,"menu_order":0,"comment_status":"closed","ping_status":"closed","template":"","meta":{"footnotes":""},"class_list":["post-46","page","type-page","status-publish","hentry"],"_links":{"self":[{"href":"https:\/\/sleepingbaby.ch\/WordPress\/wp-json\/wp\/v2\/pages\/46","targetHints":{"allow":["GET"]}}],"collection":[{"href":"https:\/\/sleepingbaby.ch\/WordPress\/wp-json\/wp\/v2\/pages"}],"about":[{"href":"https:\/\/sleepingbaby.ch\/WordPress\/wp-json\/wp\/v2\/types\/page"}],"author":[{"embeddable":true,"href":"https:\/\/sleepingbaby.ch\/WordPress\/wp-json\/wp\/v2\/users\/1"}],"replies":[{"embeddable":true,"href":"https:\/\/sleepingbaby.ch\/WordPress\/wp-json\/wp\/v2\/comments?post=46"}],"version-history":[{"count":6,"href":"https:\/\/sleepingbaby.ch\/WordPress\/wp-json\/wp\/v2\/pages\/46\/revisions"}],"predecessor-version":[{"id":959,"href":"https:\/\/sleepingbaby.ch\/WordPress\/wp-json\/wp\/v2\/pages\/46\/revisions\/959"}],"wp:attachment":[{"href":"https:\/\/sleepingbaby.ch\/WordPress\/wp-json\/wp\/v2\/media?parent=46"}],"curies":[{"name":"wp","href":"https:\/\/api.w.org\/{rel}","templated":true}]}}