{"id":357,"date":"2020-11-02T15:37:30","date_gmt":"2020-11-02T15:37:30","guid":{"rendered":"http:\/\/sleepingbaby.ch\/WordPress\/?page_id=357"},"modified":"2022-01-12T13:01:04","modified_gmt":"2022-01-12T13:01:04","slug":"kauf-mit-kreditkarte","status":"publish","type":"page","link":"https:\/\/sleepingbaby.ch\/WordPress\/kauf-mit-kreditkarte","title":{"rendered":"Direkt und sicher bestellen"},"content":{"rendered":"\n<div class=\"wp-block-group\"><div class=\"wp-block-group__inner-container is-layout-flow wp-block-group-is-layout-flow\">\n<p>Als Kunde gehen Sie bei uns kein Risiko ein und profitieren von einem erstklassigen Service auch nach dem Kauf! Vollst\u00e4ndig entwickelt und hergestellt in der Schweiz.<\/p>\n<ol>\n<li><strong>Kein Risiko dank Erfolgsgarantie:<\/strong> Bei R\u00fccksendung innert 14 Tagen nach Erhalt erstatten wir Ihnen den vollst\u00e4ndigen Kaufpreis wieder zur\u00fcck<\/li>\n<li><strong>Produktgarantie: <\/strong>2 Jahre, das Produkt ist komplett in der Schweiz entwickelt und hergestellt sowie direkt vom Hersteller &#8211; seit \u00fcber 10 Jahren am Markt<\/li>\n<li><strong>Verschiedene, sichere Bezahlungsm\u00f6glichkeiten: <\/strong>Kreditkarten, Vorauszahlung auf schweizer Bankkonto, TWINT<strong><br \/><\/strong><\/li>\n<li><strong>Versand mit der Schweizer Post<\/strong><\/li>\n<\/ol>\n<p>Bitte w\u00e4hlen Sie unten die gew\u00fcnschte Version aus:<\/p>\n\n\n\n<div class=\"wp-block-columns has-black-color has-white-background-color has-text-color has-background is-layout-flex wp-container-core-columns-is-layout-9d6595d7 wp-block-columns-is-layout-flex\">\n<div class=\"wp-block-column is-layout-flow wp-block-column-is-layout-flow\">\n<div class=\"wp-block-buttons is-layout-flex wp-block-buttons-is-layout-flex\">\n<div class=\"wp-block-button\"><a class=\"wp-block-button__link has-white-color has-text-color has-background\" href=\"https:\/\/sleepingbaby.ch\/WordPress\/bezahlung-sleepingbaby-mit-deckenhaken\" style=\"border-radius:31px;background-color:#0045a3\"> sleepingbaby <strong>inklusive Deckenhaken<\/strong> kaufen <br><strong>CHF 68.70<\/strong> + <em>CHF 7.- Versand<\/em><br><strong>HIER KLICKEN<\/strong><\/a><\/div>\n<\/div>\n\n\n\n<figure class=\"wp-block-image size-large\"><a href=\"https:\/\/sleepingbaby.ch\/WordPress\/wp-content\/uploads\/2011\/07\/Babyschaukel-2.jpg\"><img decoding=\"async\" width=\"682\" height=\"1024\" src=\"https:\/\/sleepingbaby.ch\/WordPress\/wp-content\/uploads\/2011\/07\/Babyschaukel-2-682x1024.jpg\" alt=\"www.sleepingbaby.ch\" class=\"wp-image-258\" srcset=\"https:\/\/sleepingbaby.ch\/WordPress\/wp-content\/uploads\/2011\/07\/Babyschaukel-2-682x1024.jpg 682w, https:\/\/sleepingbaby.ch\/WordPress\/wp-content\/uploads\/2011\/07\/Babyschaukel-2-200x300.jpg 200w, https:\/\/sleepingbaby.ch\/WordPress\/wp-content\/uploads\/2011\/07\/Babyschaukel-2-624x936.jpg 624w\" sizes=\"(max-width: 682px) 100vw, 682px\" \/><\/a><figcaption>Babyschaukel mit Stahlfeder (Autobabysitz muss separat gekauft werden)<\/figcaption><\/figure>\n\n\n\n<h1 style=\"text-align: left;\">&nbsp;&nbsp;&nbsp;&nbsp;&nbsp;&nbsp;&nbsp;&nbsp;&nbsp; +<\/h1>\n\n\n\n<figure class=\"wp-block-image size-large is-resized\"><img decoding=\"async\" src=\"https:\/\/sleepingbaby.ch\/WordPress\/wp-content\/uploads\/2014\/06\/sleepingbaby-13-reduzierte-Gr\u00f6sse-680x1024.jpg\" alt=\"\" class=\"wp-image-303\" width=\"122\" height=\"184\" srcset=\"https:\/\/sleepingbaby.ch\/WordPress\/wp-content\/uploads\/2014\/06\/sleepingbaby-13-reduzierte-Gr\u00f6sse-680x1024.jpg 680w, https:\/\/sleepingbaby.ch\/WordPress\/wp-content\/uploads\/2014\/06\/sleepingbaby-13-reduzierte-Gr\u00f6sse-199x300.jpg 199w, https:\/\/sleepingbaby.ch\/WordPress\/wp-content\/uploads\/2014\/06\/sleepingbaby-13-reduzierte-Gr\u00f6sse-624x939.jpg 624w\" sizes=\"(max-width: 122px) 100vw, 122px\" \/><figcaption><span style=\"color:#000000\" class=\"has-inline-color\">Inklusive Deckenhaken und D\u00fcbel<\/span><\/figcaption><\/figure>\n<\/div>\n\n\n\n<div class=\"wp-block-column is-layout-flow wp-block-column-is-layout-flow\">\n<div class=\"wp-block-buttons is-layout-flex wp-block-buttons-is-layout-flex\">\n<div class=\"wp-block-button\"><a class=\"wp-block-button__link has-white-color has-text-color has-background\" href=\"https:\/\/sleepingbaby.ch\/WordPress\/bestellung-sleepingbaby-inklusive-tuerreck\" style=\"border-radius:33px;background-color:#29c7d6\">sleepingbaby <strong>inklusive T\u00fcrreck<\/strong> kaufen <br><strong>CHF 97.80<\/strong> + <em>CHF 9.- Versand<\/em><br><strong>HIER KLICKEN<\/strong><\/a><\/div>\n<\/div>\n\n\n\n<figure class=\"wp-block-image size-large\"><img decoding=\"async\" width=\"768\" height=\"1024\" src=\"https:\/\/sleepingbaby.ch\/WordPress\/wp-content\/uploads\/2020\/11\/P1030553-768x1024.jpg\" alt=\"sleepingbaby mit T\u00fcrreck\" class=\"wp-image-634\" srcset=\"https:\/\/sleepingbaby.ch\/WordPress\/wp-content\/uploads\/2020\/11\/P1030553-768x1024.jpg 768w, https:\/\/sleepingbaby.ch\/WordPress\/wp-content\/uploads\/2020\/11\/P1030553-225x300.jpg 225w, https:\/\/sleepingbaby.ch\/WordPress\/wp-content\/uploads\/2020\/11\/P1030553-1152x1536.jpg 1152w, https:\/\/sleepingbaby.ch\/WordPress\/wp-content\/uploads\/2020\/11\/P1030553-1536x2048.jpg 1536w, https:\/\/sleepingbaby.ch\/WordPress\/wp-content\/uploads\/2020\/11\/P1030553-624x832.jpg 624w, https:\/\/sleepingbaby.ch\/WordPress\/wp-content\/uploads\/2020\/11\/P1030553-scaled.jpg 1920w\" sizes=\"(max-width: 768px) 100vw, 768px\" \/><figcaption><span class=\"has-inline-color has-white-color\"><\/span>Babyschaukel mit Stahlfeder (Autobabysitz muss separat gekauft werden)<\/figcaption><\/figure>\n\n\n\n<h1 style=\"text-align: center;\"><strong>+<\/strong><\/h1>\n\n\n\n<figure class=\"wp-block-image size-large\"><img decoding=\"async\" width=\"750\" height=\"501\" src=\"https:\/\/sleepingbaby.ch\/WordPress\/wp-content\/uploads\/2020\/12\/Tuerreck.jpg\" alt=\"\" class=\"wp-image-695\" srcset=\"https:\/\/sleepingbaby.ch\/WordPress\/wp-content\/uploads\/2020\/12\/Tuerreck.jpg 750w, https:\/\/sleepingbaby.ch\/WordPress\/wp-content\/uploads\/2020\/12\/Tuerreck-300x200.jpg 300w, https:\/\/sleepingbaby.ch\/WordPress\/wp-content\/uploads\/2020\/12\/Tuerreck-624x417.jpg 624w\" sizes=\"(max-width: 750px) 100vw, 750px\" \/><figcaption><span style=\"color:#000000\" class=\"has-inline-color\">Inklusive T\u00fcrreck f\u00fcr T\u00fcrrahmen 65-100cm &#8211; auch als Trainingsger\u00e4t f\u00fcr Erwachsene geeignet<\/span><\/figcaption><\/figure>\n<\/div>\n<\/div>\n<\/div><\/div>\n\n\n\n<p><\/p>\n","protected":false},"excerpt":{"rendered":"<p>Als Kunde gehen Sie bei uns kein Risiko ein und profitieren von einem erstklassigen Service auch nach dem Kauf! Vollst\u00e4ndig entwickelt und hergestellt in der Schweiz. Kein Risiko dank Erfolgsgarantie: Bei R\u00fccksendung innert 14 Tagen nach Erhalt erstatten wir Ihnen den vollst\u00e4ndigen Kaufpreis wieder zur\u00fcck Produktgarantie: 2 Jahre, das Produkt ist komplett in der Schweiz [&hellip;]<\/p>\n","protected":false},"author":1,"featured_media":0,"parent":0,"menu_order":0,"comment_status":"closed","ping_status":"closed","template":"","meta":{"footnotes":""},"class_list":["post-357","page","type-page","status-publish","hentry"],"_links":{"self":[{"href":"https:\/\/sleepingbaby.ch\/WordPress\/wp-json\/wp\/v2\/pages\/357","targetHints":{"allow":["GET"]}}],"collection":[{"href":"https:\/\/sleepingbaby.ch\/WordPress\/wp-json\/wp\/v2\/pages"}],"about":[{"href":"https:\/\/sleepingbaby.ch\/WordPress\/wp-json\/wp\/v2\/types\/page"}],"author":[{"embeddable":true,"href":"https:\/\/sleepingbaby.ch\/WordPress\/wp-json\/wp\/v2\/users\/1"}],"replies":[{"embeddable":true,"href":"https:\/\/sleepingbaby.ch\/WordPress\/wp-json\/wp\/v2\/comments?post=357"}],"version-history":[{"count":128,"href":"https:\/\/sleepingbaby.ch\/WordPress\/wp-json\/wp\/v2\/pages\/357\/revisions"}],"predecessor-version":[{"id":1065,"href":"https:\/\/sleepingbaby.ch\/WordPress\/wp-json\/wp\/v2\/pages\/357\/revisions\/1065"}],"wp:attachment":[{"href":"https:\/\/sleepingbaby.ch\/WordPress\/wp-json\/wp\/v2\/media?parent=357"}],"curies":[{"name":"wp","href":"https:\/\/api.w.org\/{rel}","templated":true}]}}