{"id":208,"date":"2013-08-08T09:34:56","date_gmt":"2013-08-08T09:34:56","guid":{"rendered":"http:\/\/sleepingbaby.ch\/WordPress\/?page_id=208"},"modified":"2021-01-10T21:55:47","modified_gmt":"2021-01-10T21:55:47","slug":"stressreaktionen-durch-schreiende-babys","status":"publish","type":"page","link":"https:\/\/sleepingbaby.ch\/WordPress\/stressreaktionen-durch-schreiende-babys","title":{"rendered":"Stressreaktionen bei Eltern oder Betreuungspersonen durch schreiende Babys"},"content":{"rendered":"\n<div class=\"wp-block-buttons is-layout-flex wp-block-buttons-is-layout-flex\">\n<div class=\"wp-block-button\"><a class=\"wp-block-button__link has-vivid-cyan-blue-background-color has-background\" href=\"https:\/\/sleepingbaby.ch\/WordPress\/beruhigungstipps-fuer-babys\" rel=\"\">Direkt zu den Beruhigungstipps<\/a><\/div>\n\n\n\n<div class=\"wp-block-button is-style-fill\"><a class=\"wp-block-button__link\" href=\"https:\/\/sleepingbaby.ch\/WordPress\/schlaftipps-fur-babys\">Direkt zu den Schlaftipps<\/a><\/div>\n<\/div>\n\n\n<p><strong>Schreiende Babys l\u00f6sen grossen Stress bei den Eltern aus<br><\/strong>Aufgrund von neuesten medizinischen Untersuchungen weiss man heute, dass der <strong>Ton eines schreienden Babys sehr grossen, k\u00f6rperlich messbaren Stress bei erwachsenen Menschen ausl\u00f6st.<\/strong> Ebenfalls hat man herausgefunden, dass der Ton eines schreienden Babys eine ganz bestimmte Gehirnregion aktiviert und es fast unm\u00f6glich ist, ein schreiendes Baby einfach zu ignorieren. Die Natur hat dies ganz bewusst so eingerichtet: schliesslich kann das extrem hilflose Baby nur mittels Schreien auf sich und seine Bed\u00fcrfnisse aufmerksam machen.<\/p>\n<p>Als <strong>zus\u00e4tzlich stressausl\u00f6sender Faktor kommt hinzu, dass die meisten Eltern &#8211; und vor allem diejenigen mit unruhigen Babys &#8211; unter chronischem Schlafmangel leiden.<\/strong> Schlafentzug wird nicht umsonst in gewissen L\u00e4ndern noch heute als sehr effizientes Folterinstrument eingesetzt. <strong>Schlafmangel bei Erwachsenen f\u00fchrt auf die Dauer sogar zu verschiedenen k\u00f6rperlichen Beschwerden<\/strong>, wie zum Beispiel:<\/p>\n<ul>\n<li>Erh\u00f6hte Reizbarkeit<\/li>\n<li>Beeintr\u00e4chtigung der kognitiven Leistungsf\u00e4higkeit<\/li>\n<li>Ged\u00e4chtnisl\u00fccken und -verlust<\/li>\n<li>Geschw\u00e4chtes Immunsystem<\/li>\n<li>Halluzinationen<\/li>\n<li>Erh\u00f6htes Risiko f\u00fcr Herzerkrankungen<\/li>\n<li>Wachstumsst\u00f6rungen<\/li>\n<li>usw.<\/li>\n<\/ul>\n<p>Die <strong>spezielle Kombination des extrem stressausl\u00f6senden schreienden Babys und des gleichzeitigen Schlafmangels stellt eine grosse, nicht zu untersch\u00e4tzende psychische und k\u00f6rperliche Belastung der Eltern dar<\/strong>. Zus\u00e4tzlich belastet die Eltern der gesellschaftliche Druck \u201cetwas falsch zu machen\u201d. In dieser Beziehung k\u00f6nnen wir Betroffene jedoch beruhigen: Sie machen nichts falsch. Es gibt einfach Babys, die unruhiger sind als andere. Der H\u00f6hepunkt des Schreiens liegt ungef\u00e4hr in der sechsten Lebenswoche. Unsere zweite Tochter war aber im ganzen ersten Lebensjahr unruhiger, als z.B. unsere erste Tochter. Aus diesem Grund wollen wir einige <a href=\"https:\/\/sleepingbaby.ch\/WordPress\/schlaftipps-fur-babys\"><strong>Schlaf-<\/strong><\/a> und <a href=\"https:\/\/sleepingbaby.ch\/WordPress\/beruhigungstipps-fuer-babys\"><strong>Beruhigungstipps<\/strong><\/a> vorstellen, die Ihnen helfen k\u00f6nnen, Ihr Baby zu beruhigen. Wenn Sie jedoch damit keinen Erfolg haben, empfehlen wir Ihnen dringend Hilfe bei Fachpersonen\/ -stellen zu holen. Ungef\u00e4hr 15-20% aller Babys geh\u00f6ren in die Kategorie der sehr unruhigen Babys (&#8222;Schreibabys&#8220;). In der Schweiz und Deutschland werden pro Jahr ca. 1 Million Babys geboren, womit also ca. 200\u2019000 Familien pro Jahr von \u00fcberm\u00e4ssig schreienden Babys betroffen sind! Sie sind also nicht die einzigen Betroffenen!<\/p>\n\n\n<p><\/p>\n","protected":false},"excerpt":{"rendered":"<p>Schreiende Babys l\u00f6sen grossen Stress bei den Eltern ausAufgrund von neuesten medizinischen Untersuchungen weiss man heute, dass der Ton eines schreienden Babys sehr grossen, k\u00f6rperlich messbaren Stress bei erwachsenen Menschen ausl\u00f6st. Ebenfalls hat man herausgefunden, dass der Ton eines schreienden Babys eine ganz bestimmte Gehirnregion aktiviert und es fast unm\u00f6glich ist, ein schreiendes Baby einfach [&hellip;]<\/p>\n","protected":false},"author":1,"featured_media":0,"parent":0,"menu_order":0,"comment_status":"closed","ping_status":"closed","template":"","meta":{"footnotes":""},"class_list":["post-208","page","type-page","status-publish","hentry"],"_links":{"self":[{"href":"https:\/\/sleepingbaby.ch\/WordPress\/wp-json\/wp\/v2\/pages\/208","targetHints":{"allow":["GET"]}}],"collection":[{"href":"https:\/\/sleepingbaby.ch\/WordPress\/wp-json\/wp\/v2\/pages"}],"about":[{"href":"https:\/\/sleepingbaby.ch\/WordPress\/wp-json\/wp\/v2\/types\/page"}],"author":[{"embeddable":true,"href":"https:\/\/sleepingbaby.ch\/WordPress\/wp-json\/wp\/v2\/users\/1"}],"replies":[{"embeddable":true,"href":"https:\/\/sleepingbaby.ch\/WordPress\/wp-json\/wp\/v2\/comments?post=208"}],"version-history":[{"count":13,"href":"https:\/\/sleepingbaby.ch\/WordPress\/wp-json\/wp\/v2\/pages\/208\/revisions"}],"predecessor-version":[{"id":1008,"href":"https:\/\/sleepingbaby.ch\/WordPress\/wp-json\/wp\/v2\/pages\/208\/revisions\/1008"}],"wp:attachment":[{"href":"https:\/\/sleepingbaby.ch\/WordPress\/wp-json\/wp\/v2\/media?parent=208"}],"curies":[{"name":"wp","href":"https:\/\/api.w.org\/{rel}","templated":true}]}}