{"id":197,"date":"2020-12-08T15:30:21","date_gmt":"2020-12-08T15:30:21","guid":{"rendered":"http:\/\/sleepingbaby.ch\/WordPress\/?page_id=197"},"modified":"2020-12-08T15:42:33","modified_gmt":"2020-12-08T15:42:33","slug":"beruhigungstipps-fuer-babys","status":"publish","type":"page","link":"https:\/\/sleepingbaby.ch\/WordPress\/beruhigungstipps-fuer-babys","title":{"rendered":"Beruhigungstipps f\u00fcr Babys"},"content":{"rendered":"<p><strong>Wie beruhige sanft und schnell mein unruhiges bzw. schreiendes Baby?<\/strong><br>Diese Frage besch\u00e4ftigt wohl jeden Tag auf der ganzen Welt unz\u00e4hlige frischgebackener Eltern, die Ihr Baby trotz bestgemeinter F\u00fcrsorge nicht beruhigen k\u00f6nnen. Nachfolgend haben wir ein paar hilfreiche Tipps zusammengestellt, wie Sie Ihr Baby beruhigen k\u00f6nnen:<\/p>\n<ul>\n<li><strong> Wiegen und Schaukeln:<\/strong> Schon seit hunderten Jahren werden klassische Wiegen zur Beruhigung von Babys eingesetzt. Wir haben mit unserem Produkt, der <a title=\"Babys unglaublich schnell auf einfachste Weise beruhigen!\" href=\"http:\/\/sleepingbaby.ch\/WordPress\/\">sleepingbaby Einschlaf- und Beruhigungshilfe<\/a>, diese Schaukel- und Wiegebewegungen mittels einer optimal abgestimmten Stahlfeder perfektioniert. Die damit erzielten, dreidimensionalen Bewegungen (siehe <a title=\"Videos zu sleepingbaby\" href=\"http:\/\/sleepingbaby.ch\/WordPress\/?page_id=52\">Videos<\/a>) l\u00f6sen in den allermeisten F\u00e4llen sehr schnell einen Beruhigungsreflex bei Babys aus.<\/li>\n<li><strong>Herumtragen:<\/strong> In den Armen, auf der Schulter oder auch im Fliegergriff. Es gibt auch verschiedene Tragehilfen wie selbstgebundene Traget\u00fccher, Baby-Bj\u00f6rn oder auch Ergo-Carrier.<\/li>\n<li><strong><strong>Schnuller bzw. Nuggi<\/strong><\/strong><\/li>\n<li><strong>Gleichm\u00e4ssige Ger\u00e4usche<\/strong> wie z.B. Staubsauger, Haar-F\u00f6n, K\u00fcchen-Dampfabzug (<a href=\"https:\/\/www.youtube.com\/watch?v=DzXuFQrkOMY\">siehe Video<\/a>), Autofahr-Ger\u00e4usche usw.<\/li>\n<li><strong>Beruhigende Musik<\/strong><\/li>\n<li><strong>Kinderwagen- und Autofahren<\/strong><\/li>\n<li><strong>Pucken: <\/strong>dies ist eine spezielle Wickeltechnik bei der Babys speziell in ein Tuch eingewickelt werden<\/li>\n<\/ul>\n\n\n<figure class=\"wp-block-gallery columns-2 is-cropped wp-block-gallery-1 is-layout-flex wp-block-gallery-is-layout-flex\"><ul class=\"blocks-gallery-grid\"><li class=\"blocks-gallery-item\"><figure><img decoding=\"async\" width=\"1024\" height=\"768\" src=\"https:\/\/sleepingbaby.ch\/WordPress\/wp-content\/uploads\/2020\/12\/P1030392-1024x768.jpg\" alt=\"Baby-Fliegergriff\" data-id=\"705\" data-full-url=\"https:\/\/sleepingbaby.ch\/WordPress\/wp-content\/uploads\/2020\/12\/P1030392-scaled.jpg\" data-link=\"https:\/\/sleepingbaby.ch\/WordPress\/?attachment_id=705\" class=\"wp-image-705\" srcset=\"https:\/\/sleepingbaby.ch\/WordPress\/wp-content\/uploads\/2020\/12\/P1030392-1024x768.jpg 1024w, https:\/\/sleepingbaby.ch\/WordPress\/wp-content\/uploads\/2020\/12\/P1030392-300x225.jpg 300w, https:\/\/sleepingbaby.ch\/WordPress\/wp-content\/uploads\/2020\/12\/P1030392-768x576.jpg 768w, https:\/\/sleepingbaby.ch\/WordPress\/wp-content\/uploads\/2020\/12\/P1030392-1536x1152.jpg 1536w, https:\/\/sleepingbaby.ch\/WordPress\/wp-content\/uploads\/2020\/12\/P1030392-2048x1536.jpg 2048w, https:\/\/sleepingbaby.ch\/WordPress\/wp-content\/uploads\/2020\/12\/P1030392-624x468.jpg 624w\" sizes=\"(max-width: 1024px) 100vw, 1024px\" \/><figcaption class=\"blocks-gallery-item__caption\">Fliegergriff<\/figcaption><\/figure><\/li><li class=\"blocks-gallery-item\"><figure><img decoding=\"async\" width=\"768\" height=\"1024\" src=\"https:\/\/sleepingbaby.ch\/WordPress\/wp-content\/uploads\/2020\/12\/Pucken-Bild-gedreht-768x1024.jpg\" alt=\"Pucken\" data-id=\"716\" data-full-url=\"https:\/\/sleepingbaby.ch\/WordPress\/wp-content\/uploads\/2020\/12\/Pucken-Bild-gedreht-scaled.jpg\" data-link=\"https:\/\/sleepingbaby.ch\/WordPress\/pucken-bild-gedreht\" class=\"wp-image-716\" srcset=\"https:\/\/sleepingbaby.ch\/WordPress\/wp-content\/uploads\/2020\/12\/Pucken-Bild-gedreht-768x1024.jpg 768w, https:\/\/sleepingbaby.ch\/WordPress\/wp-content\/uploads\/2020\/12\/Pucken-Bild-gedreht-225x300.jpg 225w, https:\/\/sleepingbaby.ch\/WordPress\/wp-content\/uploads\/2020\/12\/Pucken-Bild-gedreht-1152x1536.jpg 1152w, https:\/\/sleepingbaby.ch\/WordPress\/wp-content\/uploads\/2020\/12\/Pucken-Bild-gedreht-1536x2048.jpg 1536w, https:\/\/sleepingbaby.ch\/WordPress\/wp-content\/uploads\/2020\/12\/Pucken-Bild-gedreht-624x832.jpg 624w, https:\/\/sleepingbaby.ch\/WordPress\/wp-content\/uploads\/2020\/12\/Pucken-Bild-gedreht-scaled.jpg 1920w\" sizes=\"(max-width: 768px) 100vw, 768px\" \/><figcaption class=\"blocks-gallery-item__caption\">Pucken<\/figcaption><\/figure><\/li><\/ul><\/figure>\n\n\n<p>Bevor Sie versuchen einen der obigen Beruhigungs-Tipps anzuwenden, sollten Sie sicherstellen, dass Ihr Baby wohlversorgt ist. Es sollte also in sauberen Windeln liegen und keinen Durst oder Hunger haben.<\/p>\n<p>Viele Babys sprechen auf eine der verschiedenen Beruhigungs-Tipps an, zum Teil m\u00fcssen Sie auch eine Kombination davon anwenden. So kann z.B. sanftes Wiegen und Schaukeln zusammen mit einem Schnuller oder einem gleichm\u00e4ssigen Ger\u00e4usch den gew\u00fcnschten Beruhigungserfolg bringen.<\/p>","protected":false},"excerpt":{"rendered":"<p>Wie beruhige sanft und schnell mein unruhiges bzw. schreiendes Baby?Diese Frage besch\u00e4ftigt wohl jeden Tag auf der ganzen Welt unz\u00e4hlige frischgebackener Eltern, die Ihr Baby trotz bestgemeinter F\u00fcrsorge nicht beruhigen k\u00f6nnen. Nachfolgend haben wir ein paar hilfreiche Tipps zusammengestellt, wie Sie Ihr Baby beruhigen k\u00f6nnen: Wiegen und Schaukeln: Schon seit hunderten Jahren werden klassische Wiegen [&hellip;]<\/p>\n","protected":false},"author":1,"featured_media":0,"parent":0,"menu_order":0,"comment_status":"closed","ping_status":"open","template":"","meta":{"footnotes":""},"class_list":["post-197","page","type-page","status-publish","hentry"],"_links":{"self":[{"href":"https:\/\/sleepingbaby.ch\/WordPress\/wp-json\/wp\/v2\/pages\/197","targetHints":{"allow":["GET"]}}],"collection":[{"href":"https:\/\/sleepingbaby.ch\/WordPress\/wp-json\/wp\/v2\/pages"}],"about":[{"href":"https:\/\/sleepingbaby.ch\/WordPress\/wp-json\/wp\/v2\/types\/page"}],"author":[{"embeddable":true,"href":"https:\/\/sleepingbaby.ch\/WordPress\/wp-json\/wp\/v2\/users\/1"}],"replies":[{"embeddable":true,"href":"https:\/\/sleepingbaby.ch\/WordPress\/wp-json\/wp\/v2\/comments?post=197"}],"version-history":[{"count":15,"href":"https:\/\/sleepingbaby.ch\/WordPress\/wp-json\/wp\/v2\/pages\/197\/revisions"}],"predecessor-version":[{"id":717,"href":"https:\/\/sleepingbaby.ch\/WordPress\/wp-json\/wp\/v2\/pages\/197\/revisions\/717"}],"wp:attachment":[{"href":"https:\/\/sleepingbaby.ch\/WordPress\/wp-json\/wp\/v2\/media?parent=197"}],"curies":[{"name":"wp","href":"https:\/\/api.w.org\/{rel}","templated":true}]}}