{"id":125,"date":"2013-07-18T08:30:29","date_gmt":"2013-07-18T08:30:29","guid":{"rendered":"http:\/\/sleepingbaby.ch\/WordPress\/?page_id=125"},"modified":"2021-01-10T21:37:48","modified_gmt":"2021-01-10T21:37:48","slug":"produkteigenschaften-sleepingbaby-mit-turreck","status":"publish","type":"page","link":"https:\/\/sleepingbaby.ch\/WordPress\/produkteigenschaften-sleepingbaby-mit-turreck","title":{"rendered":"Produkteigenschaften sleepingbaby mit T\u00fcrreck"},"content":{"rendered":"\n<div class=\"wp-block-image\"><figure class=\"alignleft size-medium\"><img decoding=\"async\" width=\"225\" height=\"300\" src=\"https:\/\/sleepingbaby.ch\/WordPress\/wp-content\/uploads\/2020\/11\/P1030553-225x300.jpg\" alt=\"sleepingbaby mit T\u00fcrreck\" class=\"wp-image-634\" srcset=\"https:\/\/sleepingbaby.ch\/WordPress\/wp-content\/uploads\/2020\/11\/P1030553-225x300.jpg 225w, https:\/\/sleepingbaby.ch\/WordPress\/wp-content\/uploads\/2020\/11\/P1030553-768x1024.jpg 768w, https:\/\/sleepingbaby.ch\/WordPress\/wp-content\/uploads\/2020\/11\/P1030553-1152x1536.jpg 1152w, https:\/\/sleepingbaby.ch\/WordPress\/wp-content\/uploads\/2020\/11\/P1030553-1536x2048.jpg 1536w, https:\/\/sleepingbaby.ch\/WordPress\/wp-content\/uploads\/2020\/11\/P1030553-624x832.jpg 624w, https:\/\/sleepingbaby.ch\/WordPress\/wp-content\/uploads\/2020\/11\/P1030553-scaled.jpg 1920w\" sizes=\"(max-width: 225px) 100vw, 225px\" \/><figcaption>sleepingbaby funktioniert mit allen handels\u00fcblichen Autobabysitzen<\/figcaption><\/figure><\/div>\n\n\n\n<p><strong>Lieferumfang<\/strong><br>fertig vormontierte sleepingbaby Einschlafhilfe inklusive T\u00fcrklemmstange (T\u00fcrreck) bestehend aus 1 hochqualitativen, optimal abgestimmten Zugfeder, 2 Hochsicherheitskarabiner, 1 Hochsicherheits-Seil, integrierte \u00dcberdehnungs- und Absturzsicherung, 1 Seil-Spanner, 1 T\u00fcrreck (auch f\u00fcr Trainings\u00fcbungen von Erwachsenen benutzbar) f\u00fcr die mobile Montage in praktisch jedem T\u00fcrrahmen (von 63 cm bis 100 cm<br>Breite)<br>Preis: CHF 97.80<br>Versand: CHF 9.-<\/p>\n\n\n\n<p>Hier gehts zu unseren <a title=\"Videos zu sleepingbaby\" href=\"http:\/\/sleepingbaby.ch\/WordPress\/?page_id=52\">Videos<\/a><\/p>\n\n\n\n<div class=\"wp-block-buttons aligncenter is-layout-flex wp-block-buttons-is-layout-flex\">\n<div class=\"wp-block-button\"><a class=\"wp-block-button__link has-white-color has-blue-background-color has-text-color has-background\" href=\"https:\/\/sleepingbaby.ch\/WordPress\/bestellung-sleepingbaby-inklusive-tuerreck\">Jetzt kaufen<\/a><\/div>\n<\/div>\n\n\n\n<p><strong>Warum sleepingbaby und welchen Nutzen erhalten Sie als Familie mit diesem Produkt?<\/strong><\/p>\n\n\n\n<ul class=\"wp-block-list\"><li><strong>unkomplizierte<\/strong> und meistens <strong>sehr wirksame<\/strong> Methode Ihr Baby zu beruhigen, hilft meistens auch bei Babys mit Magen-Darm-Kolliken (auch als \u201cSchrei-Baby\u201d<br>bekannt) oder sonstiger Unruhe (siehe auch Kundenfeedbacks zu sleepingbaby)<\/li><li>Auch <strong>\u00e4ltere Babys schaukeln gerne<\/strong> mit sleepingbaby, da sie freie Sicht haben und sehen was um sie herum geschieht<\/li><li><strong>9 von 10 Babys lassen sich mit sleepingbaby beruhigen!<\/strong><\/li><li>die Feder der sleepingbaby Einschlafhilfe wurde <strong>speziell f\u00fcr diesen Zweck<\/strong> <strong>entwickelt<\/strong> und <strong>schaukelt Babys im Maxi-Cosi Alter <strong>(bereits ab 2.5 kg K\u00f6rpergewicht<\/strong>) sanft in den Schlaf<\/strong><\/li><li><strong>einfach und sicher<\/strong> zu installieren. Kein Stromanschluss erforderlich. Keine Batterien. Keine komplizierte Mechanik.<\/li><li>Ihr Baby\/ Kleinkind (der Maxi-Cosi ist bis zu 13kg Gewicht benutzbar) liegt in seinem gewohnten Autositz sicher in seinen Gurten<\/li><li><strong>preiswerte und effiziente<\/strong> L\u00f6sung insbesondere f\u00fcr Familien, welche sowieso ein Auto und somit einen Maxi Cosi oder ein \u00e4hnliches Produkt eines anderen Herstellers besitzen. Warum sollten Sie ein <a title=\"Vergleich der sleepingbaby Einschlafhilfe mit Baby-H\u00e4ngematten f\u00fcr Babys\" href=\"http:\/\/sleepingbaby.ch\/WordPress\/?page_id=46\">viel teureres H\u00e4ngematten-System<\/a> f\u00fcr Babys kaufen, wenn Sie die gleiche Wirkung nicht mal halb so teuer erzielen k\u00f6nnen?<\/li><li>die sleepingbaby Einschlafhilfe ist <strong>sehr klein<\/strong> und bei Nichtgebrauch <strong>einfach zu versorgen.<\/strong> Dadurch ist sie auch hervorragend geeignet um mit auf Reisen zu nehmen oder auf Besuch bei Bekannten<\/li><li>noch preiswerter in der Version mit Deckenhaken<\/li><li>Alle Einzelteile sind optimal aufeinander abgestimmt und intensiv getestet um die <strong>gr\u00f6sstm\u00f6gliche Sicherheit<\/strong> f\u00fcr Ihr Kind zu gew\u00e4hrleisten<\/li><li>Inklusive Bedienungsanleitung<\/li><li><strong>Kein Risiko:<\/strong> Wenn Sie mit der sleepingbaby Einschlafhilfe nicht zufrieden sind, <strong>erstatten wir Ihnen bei R\u00fccksendung innert 14 Tagen den vollen Kaufpreis zur\u00fcck!<\/strong><\/li><\/ul>\n\n\n\n<p><strong>Die sleepingbaby Einschlafhilfe und Beruhigungshilfe wird Ihrem Familienleben zu einem g\u00fcnstigen Preis viele ruhige(re) Stunden schenken. Gleich bestellen und&nbsp; zufriedenes Baby geniessen<\/strong>.<\/p>\n\n\n\n<p><\/p>\n","protected":false},"excerpt":{"rendered":"<p>Lieferumfangfertig vormontierte sleepingbaby Einschlafhilfe inklusive T\u00fcrklemmstange (T\u00fcrreck) bestehend aus 1 hochqualitativen, optimal abgestimmten Zugfeder, 2 Hochsicherheitskarabiner, 1 Hochsicherheits-Seil, integrierte \u00dcberdehnungs- und Absturzsicherung, 1 Seil-Spanner, 1 T\u00fcrreck (auch f\u00fcr Trainings\u00fcbungen von Erwachsenen benutzbar) f\u00fcr die mobile Montage in praktisch jedem T\u00fcrrahmen (von 63 cm bis 100 cmBreite)Preis: CHF 97.80Versand: CHF 9.- Hier gehts zu unseren Videos [&hellip;]<\/p>\n","protected":false},"author":1,"featured_media":0,"parent":0,"menu_order":0,"comment_status":"closed","ping_status":"closed","template":"","meta":{"footnotes":""},"class_list":["post-125","page","type-page","status-publish","hentry"],"_links":{"self":[{"href":"https:\/\/sleepingbaby.ch\/WordPress\/wp-json\/wp\/v2\/pages\/125","targetHints":{"allow":["GET"]}}],"collection":[{"href":"https:\/\/sleepingbaby.ch\/WordPress\/wp-json\/wp\/v2\/pages"}],"about":[{"href":"https:\/\/sleepingbaby.ch\/WordPress\/wp-json\/wp\/v2\/types\/page"}],"author":[{"embeddable":true,"href":"https:\/\/sleepingbaby.ch\/WordPress\/wp-json\/wp\/v2\/users\/1"}],"replies":[{"embeddable":true,"href":"https:\/\/sleepingbaby.ch\/WordPress\/wp-json\/wp\/v2\/comments?post=125"}],"version-history":[{"count":26,"href":"https:\/\/sleepingbaby.ch\/WordPress\/wp-json\/wp\/v2\/pages\/125\/revisions"}],"predecessor-version":[{"id":996,"href":"https:\/\/sleepingbaby.ch\/WordPress\/wp-json\/wp\/v2\/pages\/125\/revisions\/996"}],"wp:attachment":[{"href":"https:\/\/sleepingbaby.ch\/WordPress\/wp-json\/wp\/v2\/media?parent=125"}],"curies":[{"name":"wp","href":"https:\/\/api.w.org\/{rel}","templated":true}]}}